{"id":76,"date":"2019-01-04T13:48:07","date_gmt":"2019-01-04T13:48:07","guid":{"rendered":"https:\/\/jor.se\/gdpr\/?page_id=76"},"modified":"2025-05-20T09:29:19","modified_gmt":"2025-05-20T09:29:19","slug":"nyhetsbrev","status":"publish","type":"page","link":"https:\/\/jor.se\/gdpr\/nyhetsbrev\/","title":{"rendered":"Nyhetsbrev"},"content":{"rendered":"\t\t<div data-elementor-type=\"wp-post\" data-elementor-id=\"76\" class=\"elementor elementor-76\" data-elementor-settings=\"[]\">\n\t\t\t\t\t\t<div class=\"elementor-inner\">\n\t\t\t\t\t\t\t<div class=\"elementor-section-wrap\">\n\t\t\t\t\t\t\t<section class=\"elementor-section elementor-top-section elementor-element elementor-element-85c008f elementor-section-boxed elementor-section-height-default elementor-section-height-default\" data-id=\"85c008f\" data-element_type=\"section\">\n\t\t\t\t\t\t<div class=\"elementor-container elementor-column-gap-default\">\n\t\t\t\t\t\t\t<div class=\"elementor-row\">\n\t\t\t\t\t<div class=\"elementor-column elementor-col-100 elementor-top-column elementor-element elementor-element-e1e0e97\" data-id=\"e1e0e97\" data-element_type=\"column\">\n\t\t\t<div class=\"elementor-column-wrap elementor-element-populated\">\n\t\t\t\t\t\t\t<div class=\"elementor-widget-wrap\">\n\t\t\t\t\t\t<div class=\"elementor-element elementor-element-253b3fb elementor-widget elementor-widget-spacer\" data-id=\"253b3fb\" data-element_type=\"widget\" data-widget_type=\"spacer.default\">\n\t\t\t\t<div class=\"elementor-widget-container\">\n\t\t\t\t\t<div class=\"elementor-spacer\">\n\t\t\t<div class=\"elementor-spacer-inner\"><\/div>\n\t\t<\/div>\n\t\t\t\t<\/div>\n\t\t\t\t<\/div>\n\t\t\t\t<div class=\"elementor-element elementor-element-c9ef526 elementor-widget elementor-widget-heading\" data-id=\"c9ef526\" data-element_type=\"widget\" data-widget_type=\"heading.default\">\n\t\t\t\t<div class=\"elementor-widget-container\">\n\t\t\t<h2 class=\"elementor-heading-title elementor-size-default\">H\u00e4r kan du anm\u00e4la dig till v\u00e5ra nyhetsbrev<\/h2>\t\t<\/div>\n\t\t\t\t<\/div>\n\t\t\t\t<div class=\"elementor-element elementor-element-b5f577f elementor-widget elementor-widget-text-editor\" data-id=\"b5f577f\" data-element_type=\"widget\" data-widget_type=\"text-editor.default\">\n\t\t\t\t<div class=\"elementor-widget-container\">\n\t\t\t\t\t\t\t\t<div class=\"elementor-text-editor elementor-clearfix\">\n\t\t\t\t\t<p>V\u00e5ra nyhetsbrev inneh\u00e5ller nyheter, erbjudanden och intressanta applikationsexempel. Genom att fylla i dina intresseomr\u00e5den hj\u00e4lper du oss att skr\u00e4ddarsy inneh\u00e5llet s\u00e5 det passar just dig.<\/p>\t\t\t\t\t<\/div>\n\t\t\t\t\t\t<\/div>\n\t\t\t\t<\/div>\n\t\t\t\t<div class=\"elementor-element elementor-element-9e00e35 elementor-widget elementor-widget-spacer\" data-id=\"9e00e35\" data-element_type=\"widget\" data-widget_type=\"spacer.default\">\n\t\t\t\t<div class=\"elementor-widget-container\">\n\t\t\t\t\t<div class=\"elementor-spacer\">\n\t\t\t<div class=\"elementor-spacer-inner\"><\/div>\n\t\t<\/div>\n\t\t\t\t<\/div>\n\t\t\t\t<\/div>\n\t\t\t\t<div class=\"elementor-element elementor-element-f130288 elementor-widget elementor-widget-text-editor\" data-id=\"f130288\" data-element_type=\"widget\" data-widget_type=\"text-editor.default\">\n\t\t\t\t<div class=\"elementor-widget-container\">\n\t\t\t\t\t\t\t\t<div class=\"elementor-text-editor elementor-clearfix\">\n\t\t\t\t\t<div class=\"wpforms-container wpforms-container-full\" id=\"wpforms-75\"><form id=\"wpforms-form-75\" class=\"wpforms-validate wpforms-form\" data-formid=\"75\" method=\"post\" enctype=\"multipart\/form-data\" action=\"\/gdpr\/wp-json\/wp\/v2\/pages\/76\" data-token=\"9f13482957d0bb146e35615702cd3671\"><noscript class=\"wpforms-error-noscript\">Please enable JavaScript in your browser to complete this form.<\/noscript><div class=\"wpforms-field-container\"><div id=\"wpforms-75-field_0-container\" class=\"wpforms-field wpforms-field-name\" data-field-id=\"0\"><label class=\"wpforms-field-label\" for=\"wpforms-75-field_0\">Namn<\/label><div class=\"wpforms-field-row wpforms-field-medium\"><div class=\"wpforms-field-row-block wpforms-first wpforms-one-half\"><input type=\"text\" id=\"wpforms-75-field_0\" class=\"wpforms-field-name-first\" name=\"wpforms[fields][0][first]\" placeholder=\"F\u00f6rnamn\" ><label for=\"wpforms-75-field_0\" class=\"wpforms-field-sublabel after wpforms-sublabel-hide\">First<\/label><\/div><div class=\"wpforms-field-row-block wpforms-one-half\"><input type=\"text\" id=\"wpforms-75-field_0-last\" class=\"wpforms-field-name-last\" name=\"wpforms[fields][0][last]\" placeholder=\"Efternamn\" ><label for=\"wpforms-75-field_0-last\" class=\"wpforms-field-sublabel after wpforms-sublabel-hide\">Last<\/label><\/div><\/div><\/div><div id=\"wpforms-75-field_1-container\" class=\"wpforms-field wpforms-field-email\" data-field-id=\"1\"><label class=\"wpforms-field-label\" for=\"wpforms-75-field_1\">Email <span class=\"wpforms-required-label\">*<\/span><\/label><div class=\"wpforms-field-row wpforms-field-medium\"><div class=\"wpforms-field-row-block wpforms-one-half wpforms-first\"><input type=\"email\" id=\"wpforms-75-field_1\" class=\"wpforms-field-required wpforms-field-email-primary\" name=\"wpforms[fields][1][primary]\" placeholder=\"E-mail\" spellcheck=\"false\" required><label for=\"wpforms-75-field_1\" class=\"wpforms-field-sublabel after wpforms-sublabel-hide\">Email<\/label><\/div><div class=\"wpforms-field-row-block wpforms-one-half\"><input type=\"email\" id=\"wpforms-75-field_1-secondary\" class=\"wpforms-field-email-secondary wpforms-field-required\" data-rule-confirm=\"#wpforms-75-field_1\" name=\"wpforms[fields][1][secondary]\" placeholder=\"Bekr\u00e4fta E-mail\" spellcheck=\"false\" required><label for=\"wpforms-75-field_1-secondary\" class=\"wpforms-field-sublabel after wpforms-sublabel-hide\">Confirm Email<\/label><\/div><\/div><\/div><div id=\"wpforms-75-field_3-container\" class=\"wpforms-field wpforms-field-checkbox\" data-field-id=\"3\"><label class=\"wpforms-field-label\" for=\"wpforms-75-field_3\">Intresseomr\u00e5den. (Fyll i en eller flera). <span class=\"wpforms-required-label\">*<\/span><\/label><ul id=\"wpforms-75-field_3\" class=\"wpforms-field-required\"><li class=\"choice-13 depth-1\"><input type=\"checkbox\" id=\"wpforms-75-field_3_13\" name=\"wpforms[fields][3][]\" value=\"Medicinskt godk\u00e4nda, datorer och bildsk\u00e4rmar\" required ><label class=\"wpforms-field-label-inline\" for=\"wpforms-75-field_3_13\">Medicinskt godk\u00e4nda, datorer och bildsk\u00e4rmar<\/label><\/li><li class=\"choice-14 depth-1\"><input type=\"checkbox\" id=\"wpforms-75-field_3_14\" name=\"wpforms[fields][3][]\" value=\"Tangentbord och m\u00f6ss\" required ><label class=\"wpforms-field-label-inline\" for=\"wpforms-75-field_3_14\">Tangentbord och m\u00f6ss<\/label><\/li><li class=\"choice-15 depth-1\"><input type=\"checkbox\" id=\"wpforms-75-field_3_15\" name=\"wpforms[fields][3][]\" value=\"Vagnar, stativ och fasta upph\u00e4ngningar\" required ><label class=\"wpforms-field-label-inline\" for=\"wpforms-75-field_3_15\">Vagnar, stativ och fasta upph\u00e4ngningar<\/label><\/li><li class=\"choice-16 depth-1\"><input type=\"checkbox\" id=\"wpforms-75-field_3_16\" name=\"wpforms[fields][3][]\" value=\"Fysiologiska m\u00e4tsystem f\u00f6r forskning och utbildning (BIOPAC)\" required ><label class=\"wpforms-field-label-inline\" for=\"wpforms-75-field_3_16\">Fysiologiska m\u00e4tsystem f\u00f6r forskning och utbildning (BIOPAC)<\/label><\/li><li class=\"choice-17 depth-1\"><input type=\"checkbox\" id=\"wpforms-75-field_3_17\" name=\"wpforms[fields][3][]\" value=\"Diagnostik och \u00f6vervakning (m\u00e4tsystem f\u00f6r k\u00e4rldiagnostik &amp; kamera f\u00f6r telemedicin)\" required ><label class=\"wpforms-field-label-inline\" for=\"wpforms-75-field_3_17\">Diagnostik och \u00f6vervakning (m\u00e4tsystem f\u00f6r k\u00e4rldiagnostik &amp; kamera f\u00f6r telemedicin)<\/label><\/li><\/ul><\/div><\/div><!-- .wpforms-field-container --><div class=\"wpforms-field wpforms-field-hp\"><label for=\"wpforms-75-field-hp\" class=\"wpforms-field-label\">Message<\/label><input type=\"text\" name=\"wpforms[hp]\" id=\"wpforms-75-field-hp\" class=\"wpforms-field-medium\"><\/div><div class=\"wpforms-submit-container\" ><input type=\"hidden\" name=\"wpforms[id]\" value=\"75\"><input type=\"hidden\" name=\"wpforms[author]\" value=\"1\"><button type=\"submit\" name=\"wpforms[submit]\" id=\"wpforms-submit-75\" class=\"wpforms-submit\" data-alt-text=\"S\u00e4nder..\" data-submit-text=\"S\u00e4nd\" aria-live=\"assertive\" value=\"wpforms-submit\">S\u00e4nd<\/button><\/div><\/form><\/div>  <!-- .wpforms-container -->\t\t\t\t\t<\/div>\n\t\t\t\t\t\t<\/div>\n\t\t\t\t<\/div>\n\t\t\t\t\t\t<\/div>\n\t\t\t\t\t<\/div>\n\t\t<\/div>\n\t\t\t\t\t\t\t\t<\/div>\n\t\t\t\t\t<\/div>\n\t\t<\/section>\n\t\t\t\t<section class=\"elementor-section elementor-top-section elementor-element elementor-element-0b9c66f elementor-section-boxed elementor-section-height-default elementor-section-height-default\" data-id=\"0b9c66f\" data-element_type=\"section\">\n\t\t\t\t\t\t<div class=\"elementor-container elementor-column-gap-default\">\n\t\t\t\t\t\t\t<div class=\"elementor-row\">\n\t\t\t\t\t<div class=\"elementor-column elementor-col-100 elementor-top-column elementor-element elementor-element-d666617\" data-id=\"d666617\" data-element_type=\"column\">\n\t\t\t<div class=\"elementor-column-wrap elementor-element-populated\">\n\t\t\t\t\t\t\t<div class=\"elementor-widget-wrap\">\n\t\t\t\t\t\t<div class=\"elementor-element elementor-element-5eb4c76 elementor-widget elementor-widget-text-editor\" data-id=\"5eb4c76\" data-element_type=\"widget\" data-widget_type=\"text-editor.default\">\n\t\t\t\t<div class=\"elementor-widget-container\">\n\t\t\t\t\t\t\t\t<div class=\"elementor-text-editor elementor-clearfix\">\n\t\t\t\t\t<p>Tillbaka till startsidan:\u00a0 <strong><a href=\"https:\/\/jor.se\/\">jor.se<\/a><\/strong><\/p>\t\t\t\t\t<\/div>\n\t\t\t\t\t\t<\/div>\n\t\t\t\t<\/div>\n\t\t\t\t\t\t<\/div>\n\t\t\t\t\t<\/div>\n\t\t<\/div>\n\t\t\t\t\t\t\t\t<\/div>\n\t\t\t\t\t<\/div>\n\t\t<\/section>\n\t\t\t\t<section class=\"elementor-section elementor-top-section elementor-element elementor-element-34b6190 elementor-section-boxed elementor-section-height-default elementor-section-height-default\" data-id=\"34b6190\" data-element_type=\"section\">\n\t\t\t\t\t\t<div class=\"elementor-container elementor-column-gap-default\">\n\t\t\t\t\t\t\t<div class=\"elementor-row\">\n\t\t\t\t\t<div class=\"elementor-column elementor-col-100 elementor-top-column elementor-element elementor-element-ba8563d\" data-id=\"ba8563d\" data-element_type=\"column\">\n\t\t\t<div class=\"elementor-column-wrap elementor-element-populated\">\n\t\t\t\t\t\t\t<div class=\"elementor-widget-wrap\">\n\t\t\t\t\t\t<div class=\"elementor-element elementor-element-710f0fc elementor-widget elementor-widget-spacer\" data-id=\"710f0fc\" data-element_type=\"widget\" data-widget_type=\"spacer.default\">\n\t\t\t\t<div class=\"elementor-widget-container\">\n\t\t\t\t\t<div class=\"elementor-spacer\">\n\t\t\t<div class=\"elementor-spacer-inner\"><\/div>\n\t\t<\/div>\n\t\t\t\t<\/div>\n\t\t\t\t<\/div>\n\t\t\t\t<div class=\"elementor-element elementor-element-0c56531 elementor-widget elementor-widget-text-editor\" data-id=\"0c56531\" data-element_type=\"widget\" data-widget_type=\"text-editor.default\">\n\t\t\t\t<div class=\"elementor-widget-container\">\n\t\t\t\t\t\t\t\t<div class=\"elementor-text-editor elementor-clearfix\">\n\t\t\t\t\t<p>Se \u00e4ven: V\u00e5r policy f\u00f6r personuppgiftsbehandling <a href=\"https:\/\/jor.se\/gdpr\/\"><strong>h\u00e4r<\/strong><\/a><\/p>\t\t\t\t\t<\/div>\n\t\t\t\t\t\t<\/div>\n\t\t\t\t<\/div>\n\t\t\t\t\t\t<\/div>\n\t\t\t\t\t<\/div>\n\t\t<\/div>\n\t\t\t\t\t\t\t\t<\/div>\n\t\t\t\t\t<\/div>\n\t\t<\/section>\n\t\t\t\t<section class=\"elementor-section elementor-top-section elementor-element elementor-element-6e078af elementor-section-boxed elementor-section-height-default elementor-section-height-default\" data-id=\"6e078af\" data-element_type=\"section\">\n\t\t\t\t\t\t<div class=\"elementor-container elementor-column-gap-default\">\n\t\t\t\t\t\t\t<div class=\"elementor-row\">\n\t\t\t\t\t<div class=\"elementor-column elementor-col-100 elementor-top-column elementor-element elementor-element-9bb02e9\" data-id=\"9bb02e9\" data-element_type=\"column\">\n\t\t\t<div class=\"elementor-column-wrap elementor-element-populated\">\n\t\t\t\t\t\t\t<div class=\"elementor-widget-wrap\">\n\t\t\t\t\t\t<div class=\"elementor-element elementor-element-ba0b14d elementor-widget elementor-widget-spacer\" data-id=\"ba0b14d\" data-element_type=\"widget\" data-widget_type=\"spacer.default\">\n\t\t\t\t<div class=\"elementor-widget-container\">\n\t\t\t\t\t<div class=\"elementor-spacer\">\n\t\t\t<div class=\"elementor-spacer-inner\"><\/div>\n\t\t<\/div>\n\t\t\t\t<\/div>\n\t\t\t\t<\/div>\n\t\t\t\t<div class=\"elementor-element elementor-element-863b7db elementor-widget-divider--view-line elementor-widget elementor-widget-divider\" data-id=\"863b7db\" data-element_type=\"widget\" data-widget_type=\"divider.default\">\n\t\t\t\t<div class=\"elementor-widget-container\">\n\t\t\t\t\t<div class=\"elementor-divider\">\n\t\t\t<span class=\"elementor-divider-separator\">\n\t\t\t\t\t\t<\/span>\n\t\t<\/div>\n\t\t\t\t<\/div>\n\t\t\t\t<\/div>\n\t\t\t\t\t\t<\/div>\n\t\t\t\t\t<\/div>\n\t\t<\/div>\n\t\t\t\t\t\t\t\t<\/div>\n\t\t\t\t\t<\/div>\n\t\t<\/section>\n\t\t\t\t<section class=\"elementor-section elementor-top-section elementor-element elementor-element-67a7369 elementor-section-boxed elementor-section-height-default elementor-section-height-default\" data-id=\"67a7369\" data-element_type=\"section\">\n\t\t\t\t\t\t<div class=\"elementor-container elementor-column-gap-default\">\n\t\t\t\t\t\t\t<div class=\"elementor-row\">\n\t\t\t\t\t<div class=\"elementor-column elementor-col-100 elementor-top-column elementor-element elementor-element-8ff6e5f\" data-id=\"8ff6e5f\" data-element_type=\"column\">\n\t\t\t<div class=\"elementor-column-wrap elementor-element-populated\">\n\t\t\t\t\t\t\t<div class=\"elementor-widget-wrap\">\n\t\t\t\t\t\t<div class=\"elementor-element elementor-element-d687fff elementor-widget elementor-widget-text-editor\" data-id=\"d687fff\" data-element_type=\"widget\" data-widget_type=\"text-editor.default\">\n\t\t\t\t<div class=\"elementor-widget-container\">\n\t\t\t\t\t\t\t\t<div class=\"elementor-text-editor elementor-clearfix\">\n\t\t\t\t\t<p style=\"text-align: center;\">JoR AB, Rubanksgatan 4, 741 71 Knivsta, 018-34 28 20,<br \/><a href=\"mailto:sales@jor.se\">sales@jor.se<\/a><\/p>\t\t\t\t\t<\/div>\n\t\t\t\t\t\t<\/div>\n\t\t\t\t<\/div>\n\t\t\t\t\t\t<\/div>\n\t\t\t\t\t<\/div>\n\t\t<\/div>\n\t\t\t\t\t\t\t\t<\/div>\n\t\t\t\t\t<\/div>\n\t\t<\/section>\n\t\t\t\t<section class=\"elementor-section elementor-top-section elementor-element elementor-element-2e81672 elementor-section-boxed elementor-section-height-default elementor-section-height-default\" data-id=\"2e81672\" data-element_type=\"section\">\n\t\t\t\t\t\t<div class=\"elementor-container elementor-column-gap-default\">\n\t\t\t\t\t\t\t<div class=\"elementor-row\">\n\t\t\t\t\t<div class=\"elementor-column elementor-col-100 elementor-top-column elementor-element elementor-element-feea04e\" data-id=\"feea04e\" data-element_type=\"column\">\n\t\t\t<div class=\"elementor-column-wrap\">\n\t\t\t\t\t\t\t<div class=\"elementor-widget-wrap\">\n\t\t\t\t\t\t\t\t<\/div>\n\t\t\t\t\t<\/div>\n\t\t<\/div>\n\t\t\t\t\t\t\t\t<\/div>\n\t\t\t\t\t<\/div>\n\t\t<\/section>\n\t\t\t\t\t\t<\/div>\n\t\t\t\t\t\t<\/div>\n\t\t\t\t\t<\/div>\n\t\t","protected":false},"excerpt":{"rendered":"<p>H\u00e4r kan du anm\u00e4la dig till v\u00e5ra nyhetsbrev V\u00e5ra nyhetsbrev inneh\u00e5ller nyheter, erbjudanden och intressanta applikationsexempel. Genom att fylla i dina intresseomr\u00e5den hj\u00e4lper du oss att skr\u00e4ddarsy inneh\u00e5llet s\u00e5 det passar just dig. Tillbaka till startsidan:\u00a0 jor.se Se \u00e4ven: V\u00e5r policy f\u00f6r personuppgiftsbehandling h\u00e4r JoR AB, Rubanksgatan 4, 741 71 Knivsta, 018-34 28 20,sales@jor.se<\/p>\n","protected":false},"author":1,"featured_media":0,"parent":0,"menu_order":0,"comment_status":"closed","ping_status":"closed","template":"","meta":[],"yoast_head":"<!-- This site is optimized with the Yoast SEO plugin v14.9 - https:\/\/yoast.com\/wordpress\/plugins\/seo\/ -->\n<title>Nyhetsbrev - JoR AB \/ GDPR<\/title>\n<meta name=\"robots\" content=\"noindex, follow\" \/>\n<meta property=\"og:locale\" content=\"en_US\" \/>\n<meta property=\"og:type\" content=\"article\" \/>\n<meta property=\"og:title\" content=\"Nyhetsbrev - JoR AB \/ GDPR\" \/>\n<meta property=\"og:description\" content=\"H\u00e4r kan du anm\u00e4la dig till v\u00e5ra nyhetsbrev V\u00e5ra nyhetsbrev inneh\u00e5ller nyheter, erbjudanden och intressanta applikationsexempel. Genom att fylla i dina intresseomr\u00e5den hj\u00e4lper du oss att skr\u00e4ddarsy inneh\u00e5llet s\u00e5 det passar just dig. Tillbaka till startsidan:\u00a0 jor.se Se \u00e4ven: V\u00e5r policy f\u00f6r personuppgiftsbehandling h\u00e4r JoR AB, Rubanksgatan 4, 741 71 Knivsta, 018-34 28 20,sales@jor.se\" \/>\n<meta property=\"og:url\" content=\"https:\/\/jor.se\/gdpr\/nyhetsbrev\/\" \/>\n<meta property=\"og:site_name\" content=\"JoR AB \/ GDPR\" \/>\n<meta property=\"article:modified_time\" content=\"2025-05-20T09:29:19+00:00\" \/>\n<meta name=\"twitter:card\" content=\"summary_large_image\" \/>\n<script type=\"application\/ld+json\" class=\"yoast-schema-graph\">{\"@context\":\"https:\/\/schema.org\",\"@graph\":[{\"@type\":\"WebSite\",\"@id\":\"https:\/\/jor.se\/gdpr\/#website\",\"url\":\"https:\/\/jor.se\/gdpr\/\",\"name\":\"JoR AB \/ GDPR\",\"description\":\"\",\"potentialAction\":[{\"@type\":\"SearchAction\",\"target\":\"https:\/\/jor.se\/gdpr\/?s={search_term_string}\",\"query-input\":\"required name=search_term_string\"}],\"inLanguage\":\"en-US\"},{\"@type\":\"WebPage\",\"@id\":\"https:\/\/jor.se\/gdpr\/nyhetsbrev\/#webpage\",\"url\":\"https:\/\/jor.se\/gdpr\/nyhetsbrev\/\",\"name\":\"Nyhetsbrev - JoR AB \/ GDPR\",\"isPartOf\":{\"@id\":\"https:\/\/jor.se\/gdpr\/#website\"},\"datePublished\":\"2019-01-04T13:48:07+00:00\",\"dateModified\":\"2025-05-20T09:29:19+00:00\",\"inLanguage\":\"en-US\",\"potentialAction\":[{\"@type\":\"ReadAction\",\"target\":[\"https:\/\/jor.se\/gdpr\/nyhetsbrev\/\"]}]}]}<\/script>\n<!-- \/ Yoast SEO plugin. -->","_links":{"self":[{"href":"https:\/\/jor.se\/gdpr\/wp-json\/wp\/v2\/pages\/76"}],"collection":[{"href":"https:\/\/jor.se\/gdpr\/wp-json\/wp\/v2\/pages"}],"about":[{"href":"https:\/\/jor.se\/gdpr\/wp-json\/wp\/v2\/types\/page"}],"author":[{"embeddable":true,"href":"https:\/\/jor.se\/gdpr\/wp-json\/wp\/v2\/users\/1"}],"replies":[{"embeddable":true,"href":"https:\/\/jor.se\/gdpr\/wp-json\/wp\/v2\/comments?post=76"}],"version-history":[{"count":40,"href":"https:\/\/jor.se\/gdpr\/wp-json\/wp\/v2\/pages\/76\/revisions"}],"predecessor-version":[{"id":716,"href":"https:\/\/jor.se\/gdpr\/wp-json\/wp\/v2\/pages\/76\/revisions\/716"}],"wp:attachment":[{"href":"https:\/\/jor.se\/gdpr\/wp-json\/wp\/v2\/media?parent=76"}],"curies":[{"name":"wp","href":"https:\/\/api.w.org\/{rel}","templated":true}]}}