{"id":292,"date":"2021-05-07T07:47:55","date_gmt":"2021-05-07T07:47:55","guid":{"rendered":"https:\/\/jor.se\/gdpr\/?page_id=292"},"modified":"2026-04-20T14:01:08","modified_gmt":"2026-04-20T14:01:08","slug":"avregistrera-nyhetsbrev","status":"publish","type":"page","link":"https:\/\/jor.se\/gdpr\/avregistrera-nyhetsbrev\/","title":{"rendered":"Avregistrera m\u00e5nadsbrev"},"content":{"rendered":"\t\t<div data-elementor-type=\"wp-page\" data-elementor-id=\"292\" class=\"elementor elementor-292\" data-elementor-settings=\"[]\">\n\t\t\t\t\t\t<div class=\"elementor-inner\">\n\t\t\t\t\t\t\t<div class=\"elementor-section-wrap\">\n\t\t\t\t\t\t\t<section class=\"elementor-section elementor-top-section elementor-element elementor-element-7569319 elementor-section-boxed elementor-section-height-default elementor-section-height-default\" data-id=\"7569319\" data-element_type=\"section\">\n\t\t\t\t\t\t<div class=\"elementor-container elementor-column-gap-default\">\n\t\t\t\t\t\t\t<div class=\"elementor-row\">\n\t\t\t\t\t<div class=\"elementor-column elementor-col-100 elementor-top-column elementor-element elementor-element-28b0ee8\" data-id=\"28b0ee8\" data-element_type=\"column\">\n\t\t\t<div class=\"elementor-column-wrap elementor-element-populated\">\n\t\t\t\t\t\t\t<div class=\"elementor-widget-wrap\">\n\t\t\t\t\t\t<div class=\"elementor-element elementor-element-aa4cb65 elementor-widget elementor-widget-heading\" data-id=\"aa4cb65\" data-element_type=\"widget\" data-widget_type=\"heading.default\">\n\t\t\t\t<div class=\"elementor-widget-container\">\n\t\t\t<h2 class=\"elementor-heading-title elementor-size-default\">Unregister Monthly Newsletter<\/h2>\t\t<\/div>\n\t\t\t\t<\/div>\n\t\t\t\t<div class=\"elementor-element elementor-element-f44d34b elementor-widget elementor-widget-text-editor\" data-id=\"f44d34b\" data-element_type=\"widget\" data-widget_type=\"text-editor.default\">\n\t\t\t\t<div class=\"elementor-widget-container\">\n\t\t\t\t\t\t\t\t<div class=\"elementor-text-editor elementor-clearfix\">\n\t\t\t\t\t<p>H\u00e4r kan du avregistrera din mejladress som v\u00e5ra m\u00e5nadsbrev skickas till.<\/p><div class=\"wpforms-container wpforms-container-full\" id=\"wpforms-96\"><form id=\"wpforms-form-96\" class=\"wpforms-validate wpforms-form\" data-formid=\"96\" method=\"post\" enctype=\"multipart\/form-data\" action=\"\/gdpr\/wp-json\/wp\/v2\/pages\/292\" data-token=\"a97e9f5a76d6603573c689125001a30c\"><noscript class=\"wpforms-error-noscript\">Please enable JavaScript in your browser to complete this form.<\/noscript><div class=\"wpforms-field-container\"><div id=\"wpforms-96-field_1-container\" class=\"wpforms-field wpforms-field-email\" data-field-id=\"1\"><label class=\"wpforms-field-label\" for=\"wpforms-96-field_1\">E-mail <span class=\"wpforms-required-label\">*<\/span><\/label><div class=\"wpforms-field-row wpforms-field-medium\"><div class=\"wpforms-field-row-block wpforms-one-half wpforms-first\"><input type=\"email\" id=\"wpforms-96-field_1\" class=\"wpforms-field-required wpforms-field-email-primary\" name=\"wpforms[fields][1][primary]\" placeholder=\"E-mail\" spellcheck=\"false\" required><label for=\"wpforms-96-field_1\" class=\"wpforms-field-sublabel after wpforms-sublabel-hide\">Email<\/label><\/div><div class=\"wpforms-field-row-block wpforms-one-half\"><input type=\"email\" id=\"wpforms-96-field_1-secondary\" class=\"wpforms-field-email-secondary wpforms-field-required\" data-rule-confirm=\"#wpforms-96-field_1\" name=\"wpforms[fields][1][secondary]\" placeholder=\"Bekr\u00e4fta \/ Confirm E-mail\" spellcheck=\"false\" required><label for=\"wpforms-96-field_1-secondary\" class=\"wpforms-field-sublabel after wpforms-sublabel-hide\">Confirm Email<\/label><\/div><\/div><div class=\"wpforms-field-description\">Kontrollera att mejladressen du vill avregistrera \u00e4r samma som du redan f\u00e5r utskick till.<\/br>Make sure that the E-mail address you want to unregister is the same one you are already receiving newsletters to. <\/div><\/div><div id=\"wpforms-96-field_4-container\" class=\"wpforms-field wpforms-field-checkbox\" data-field-id=\"4\"><label class=\"wpforms-field-label\" for=\"wpforms-96-field_4\">V\u00e4nligen bekr\u00e4fta \/ Please confirm <span class=\"wpforms-required-label\">*<\/span><\/label><ul id=\"wpforms-96-field_4\" class=\"wpforms-field-required\"><li class=\"choice-1 depth-1\"><input type=\"checkbox\" id=\"wpforms-96-field_4_1\" name=\"wpforms[fields][4][]\" value=\"Jag vill inte ha fler nyhetsbrev fr\u00e5n er \/ I do not want more newsletters from you\" required ><label class=\"wpforms-field-label-inline\" for=\"wpforms-96-field_4_1\">Jag vill inte ha fler nyhetsbrev fr\u00e5n er \/ I do not want more newsletters from you<\/label><\/li><\/ul><\/div><\/div><!-- .wpforms-field-container --><div class=\"wpforms-field wpforms-field-hp\"><label for=\"wpforms-96-field-hp\" class=\"wpforms-field-label\">Website<\/label><input type=\"text\" name=\"wpforms[hp]\" id=\"wpforms-96-field-hp\" class=\"wpforms-field-medium\"><\/div><div class=\"wpforms-submit-container\" ><input type=\"hidden\" name=\"wpforms[id]\" value=\"96\"><input type=\"hidden\" name=\"wpforms[author]\" value=\"1\"><button type=\"submit\" name=\"wpforms[submit]\" id=\"wpforms-submit-96\" class=\"wpforms-submit\" data-alt-text=\"S\u00e4nder\/Sending\" data-submit-text=\"S\u00e4nd\/Send\" aria-live=\"assertive\" value=\"wpforms-submit\">S\u00e4nd\/Send<\/button><\/div><\/form><\/div>  <!-- .wpforms-container -->\t\t\t\t\t<\/div>\n\t\t\t\t\t\t<\/div>\n\t\t\t\t<\/div>\n\t\t\t\t\t\t<\/div>\n\t\t\t\t\t<\/div>\n\t\t<\/div>\n\t\t\t\t\t\t\t\t<\/div>\n\t\t\t\t\t<\/div>\n\t\t<\/section>\n\t\t\t\t<section class=\"elementor-section elementor-top-section elementor-element elementor-element-4d48483 elementor-section-boxed elementor-section-height-default elementor-section-height-default\" data-id=\"4d48483\" data-element_type=\"section\">\n\t\t\t\t\t\t<div class=\"elementor-container elementor-column-gap-default\">\n\t\t\t\t\t\t\t<div class=\"elementor-row\">\n\t\t\t\t\t<div class=\"elementor-column elementor-col-100 elementor-top-column elementor-element elementor-element-31eba94\" data-id=\"31eba94\" data-element_type=\"column\">\n\t\t\t<div class=\"elementor-column-wrap elementor-element-populated\">\n\t\t\t\t\t\t\t<div class=\"elementor-widget-wrap\">\n\t\t\t\t\t\t<div class=\"elementor-element elementor-element-e70968f elementor-widget elementor-widget-spacer\" data-id=\"e70968f\" data-element_type=\"widget\" data-widget_type=\"spacer.default\">\n\t\t\t\t<div class=\"elementor-widget-container\">\n\t\t\t\t\t<div class=\"elementor-spacer\">\n\t\t\t<div class=\"elementor-spacer-inner\"><\/div>\n\t\t<\/div>\n\t\t\t\t<\/div>\n\t\t\t\t<\/div>\n\t\t\t\t<div class=\"elementor-element elementor-element-55ea385 elementor-widget elementor-widget-text-editor\" data-id=\"55ea385\" data-element_type=\"widget\" data-widget_type=\"text-editor.default\">\n\t\t\t\t<div class=\"elementor-widget-container\">\n\t\t\t\t\t\t\t\t<div class=\"elementor-text-editor elementor-clearfix\">\n\t\t\t\t\t<p>Se \u00e4ven: V\u00e5r policy f\u00f6r personuppgiftsbehandling <a href=\"https:\/\/jor.se\/gdpr\/\"><strong>h\u00e4r<\/strong><\/a><\/p>\t\t\t\t\t<\/div>\n\t\t\t\t\t\t<\/div>\n\t\t\t\t<\/div>\n\t\t\t\t\t\t<\/div>\n\t\t\t\t\t<\/div>\n\t\t<\/div>\n\t\t\t\t\t\t\t\t<\/div>\n\t\t\t\t\t<\/div>\n\t\t<\/section>\n\t\t\t\t<section class=\"elementor-section elementor-top-section elementor-element elementor-element-ba2269f elementor-section-boxed elementor-section-height-default elementor-section-height-default\" data-id=\"ba2269f\" data-element_type=\"section\">\n\t\t\t\t\t\t<div class=\"elementor-container elementor-column-gap-default\">\n\t\t\t\t\t\t\t<div class=\"elementor-row\">\n\t\t\t\t\t<div class=\"elementor-column elementor-col-100 elementor-top-column elementor-element elementor-element-ff91205\" data-id=\"ff91205\" data-element_type=\"column\">\n\t\t\t<div class=\"elementor-column-wrap elementor-element-populated\">\n\t\t\t\t\t\t\t<div class=\"elementor-widget-wrap\">\n\t\t\t\t\t\t<div class=\"elementor-element elementor-element-501f02f elementor-widget elementor-widget-text-editor\" data-id=\"501f02f\" data-element_type=\"widget\" data-widget_type=\"text-editor.default\">\n\t\t\t\t<div class=\"elementor-widget-container\">\n\t\t\t\t\t\t\t\t<div class=\"elementor-text-editor elementor-clearfix\">\n\t\t\t\t\t<p>Tillbaka till startsidan:\u00a0 <a href=\"https:\/\/jor.se\"><strong>jor.se<\/strong><\/a><\/p>\t\t\t\t\t<\/div>\n\t\t\t\t\t\t<\/div>\n\t\t\t\t<\/div>\n\t\t\t\t\t\t<\/div>\n\t\t\t\t\t<\/div>\n\t\t<\/div>\n\t\t\t\t\t\t\t\t<\/div>\n\t\t\t\t\t<\/div>\n\t\t<\/section>\n\t\t\t\t<section class=\"elementor-section elementor-top-section elementor-element elementor-element-4d63b78 elementor-section-boxed elementor-section-height-default elementor-section-height-default\" data-id=\"4d63b78\" data-element_type=\"section\">\n\t\t\t\t\t\t<div class=\"elementor-container elementor-column-gap-default\">\n\t\t\t\t\t\t\t<div class=\"elementor-row\">\n\t\t\t\t\t<div class=\"elementor-column elementor-col-100 elementor-top-column elementor-element elementor-element-7410c52\" data-id=\"7410c52\" data-element_type=\"column\">\n\t\t\t<div class=\"elementor-column-wrap elementor-element-populated\">\n\t\t\t\t\t\t\t<div class=\"elementor-widget-wrap\">\n\t\t\t\t\t\t<div class=\"elementor-element elementor-element-2b341ba elementor-widget elementor-widget-spacer\" data-id=\"2b341ba\" data-element_type=\"widget\" data-widget_type=\"spacer.default\">\n\t\t\t\t<div class=\"elementor-widget-container\">\n\t\t\t\t\t<div class=\"elementor-spacer\">\n\t\t\t<div class=\"elementor-spacer-inner\"><\/div>\n\t\t<\/div>\n\t\t\t\t<\/div>\n\t\t\t\t<\/div>\n\t\t\t\t<div class=\"elementor-element elementor-element-20162de elementor-widget-divider--view-line elementor-widget elementor-widget-divider\" data-id=\"20162de\" data-element_type=\"widget\" data-widget_type=\"divider.default\">\n\t\t\t\t<div class=\"elementor-widget-container\">\n\t\t\t\t\t<div class=\"elementor-divider\">\n\t\t\t<span class=\"elementor-divider-separator\">\n\t\t\t\t\t\t<\/span>\n\t\t<\/div>\n\t\t\t\t<\/div>\n\t\t\t\t<\/div>\n\t\t\t\t\t\t<\/div>\n\t\t\t\t\t<\/div>\n\t\t<\/div>\n\t\t\t\t\t\t\t\t<\/div>\n\t\t\t\t\t<\/div>\n\t\t<\/section>\n\t\t\t\t<section class=\"elementor-section elementor-top-section elementor-element elementor-element-4b96ec3 elementor-section-boxed elementor-section-height-default elementor-section-height-default\" data-id=\"4b96ec3\" data-element_type=\"section\">\n\t\t\t\t\t\t<div class=\"elementor-container elementor-column-gap-default\">\n\t\t\t\t\t\t\t<div class=\"elementor-row\">\n\t\t\t\t\t<div class=\"elementor-column elementor-col-100 elementor-top-column elementor-element elementor-element-fa7c88b\" data-id=\"fa7c88b\" data-element_type=\"column\">\n\t\t\t<div class=\"elementor-column-wrap elementor-element-populated\">\n\t\t\t\t\t\t\t<div class=\"elementor-widget-wrap\">\n\t\t\t\t\t\t<div class=\"elementor-element elementor-element-8bf70e3 elementor-widget elementor-widget-text-editor\" data-id=\"8bf70e3\" data-element_type=\"widget\" data-widget_type=\"text-editor.default\">\n\t\t\t\t<div class=\"elementor-widget-container\">\n\t\t\t\t\t\t\t\t<div class=\"elementor-text-editor elementor-clearfix\">\n\t\t\t\t\t<p style=\"text-align: center;\">JoR AB, Rubanksgatan 4, 741 71 Knivsta, 018-34 28 20, <a href=\"mailto:sales@jor.se\">sales@jor.se<\/a><\/p>\t\t\t\t\t<\/div>\n\t\t\t\t\t\t<\/div>\n\t\t\t\t<\/div>\n\t\t\t\t\t\t<\/div>\n\t\t\t\t\t<\/div>\n\t\t<\/div>\n\t\t\t\t\t\t\t\t<\/div>\n\t\t\t\t\t<\/div>\n\t\t<\/section>\n\t\t\t\t<section class=\"elementor-section elementor-top-section elementor-element elementor-element-a660acf elementor-section-boxed elementor-section-height-default elementor-section-height-default\" data-id=\"a660acf\" data-element_type=\"section\">\n\t\t\t\t\t\t<div class=\"elementor-container elementor-column-gap-default\">\n\t\t\t\t\t\t\t<div class=\"elementor-row\">\n\t\t\t\t\t<div class=\"elementor-column elementor-col-100 elementor-top-column elementor-element elementor-element-43c1298\" data-id=\"43c1298\" data-element_type=\"column\">\n\t\t\t<div class=\"elementor-column-wrap\">\n\t\t\t\t\t\t\t<div class=\"elementor-widget-wrap\">\n\t\t\t\t\t\t\t\t<\/div>\n\t\t\t\t\t<\/div>\n\t\t<\/div>\n\t\t\t\t\t\t\t\t<\/div>\n\t\t\t\t\t<\/div>\n\t\t<\/section>\n\t\t\t\t\t\t<\/div>\n\t\t\t\t\t\t<\/div>\n\t\t\t\t\t<\/div>\n\t\t","protected":false},"excerpt":{"rendered":"<p>Unregister Monthly Newsletter H\u00e4r kan du avregistrera din mejladress som v\u00e5ra m\u00e5nadsbrev skickas till. Se \u00e4ven: V\u00e5r policy f\u00f6r personuppgiftsbehandling h\u00e4r Tillbaka till startsidan:\u00a0 jor.se JoR AB, Rubanksgatan 4, 741 71 Knivsta, 018-34 28 20, sales@jor.se<\/p>\n","protected":false},"author":1,"featured_media":0,"parent":0,"menu_order":0,"comment_status":"closed","ping_status":"closed","template":"","meta":[],"yoast_head":"<!-- This site is optimized with the Yoast SEO plugin v14.9 - https:\/\/yoast.com\/wordpress\/plugins\/seo\/ -->\n<title>Avregistrera m\u00e5nadsbrev - JoR AB \/ GDPR<\/title>\n<meta name=\"robots\" content=\"noindex, follow\" \/>\n<meta property=\"og:locale\" content=\"en_US\" \/>\n<meta property=\"og:type\" content=\"article\" \/>\n<meta property=\"og:title\" content=\"Avregistrera m\u00e5nadsbrev - JoR AB \/ GDPR\" \/>\n<meta property=\"og:description\" content=\"Unregister Monthly Newsletter H\u00e4r kan du avregistrera din mejladress som v\u00e5ra m\u00e5nadsbrev skickas till. Se \u00e4ven: V\u00e5r policy f\u00f6r personuppgiftsbehandling h\u00e4r Tillbaka till startsidan:\u00a0 jor.se JoR AB, Rubanksgatan 4, 741 71 Knivsta, 018-34 28 20, sales@jor.se\" \/>\n<meta property=\"og:url\" content=\"https:\/\/jor.se\/gdpr\/avregistrera-nyhetsbrev\/\" \/>\n<meta property=\"og:site_name\" content=\"JoR AB \/ GDPR\" \/>\n<meta property=\"article:modified_time\" content=\"2026-04-20T14:01:08+00:00\" \/>\n<meta name=\"twitter:card\" content=\"summary_large_image\" \/>\n<script type=\"application\/ld+json\" class=\"yoast-schema-graph\">{\"@context\":\"https:\/\/schema.org\",\"@graph\":[{\"@type\":\"WebSite\",\"@id\":\"https:\/\/jor.se\/gdpr\/#website\",\"url\":\"https:\/\/jor.se\/gdpr\/\",\"name\":\"JoR AB \/ GDPR\",\"description\":\"\",\"potentialAction\":[{\"@type\":\"SearchAction\",\"target\":\"https:\/\/jor.se\/gdpr\/?s={search_term_string}\",\"query-input\":\"required name=search_term_string\"}],\"inLanguage\":\"en-US\"},{\"@type\":\"WebPage\",\"@id\":\"https:\/\/jor.se\/gdpr\/avregistrera-nyhetsbrev\/#webpage\",\"url\":\"https:\/\/jor.se\/gdpr\/avregistrera-nyhetsbrev\/\",\"name\":\"Avregistrera m\\u00e5nadsbrev - JoR AB \/ GDPR\",\"isPartOf\":{\"@id\":\"https:\/\/jor.se\/gdpr\/#website\"},\"datePublished\":\"2021-05-07T07:47:55+00:00\",\"dateModified\":\"2026-04-20T14:01:08+00:00\",\"inLanguage\":\"en-US\",\"potentialAction\":[{\"@type\":\"ReadAction\",\"target\":[\"https:\/\/jor.se\/gdpr\/avregistrera-nyhetsbrev\/\"]}]}]}<\/script>\n<!-- \/ Yoast SEO plugin. -->","_links":{"self":[{"href":"https:\/\/jor.se\/gdpr\/wp-json\/wp\/v2\/pages\/292"}],"collection":[{"href":"https:\/\/jor.se\/gdpr\/wp-json\/wp\/v2\/pages"}],"about":[{"href":"https:\/\/jor.se\/gdpr\/wp-json\/wp\/v2\/types\/page"}],"author":[{"embeddable":true,"href":"https:\/\/jor.se\/gdpr\/wp-json\/wp\/v2\/users\/1"}],"replies":[{"embeddable":true,"href":"https:\/\/jor.se\/gdpr\/wp-json\/wp\/v2\/comments?post=292"}],"version-history":[{"count":15,"href":"https:\/\/jor.se\/gdpr\/wp-json\/wp\/v2\/pages\/292\/revisions"}],"predecessor-version":[{"id":829,"href":"https:\/\/jor.se\/gdpr\/wp-json\/wp\/v2\/pages\/292\/revisions\/829"}],"wp:attachment":[{"href":"https:\/\/jor.se\/gdpr\/wp-json\/wp\/v2\/media?parent=292"}],"curies":[{"name":"wp","href":"https:\/\/api.w.org\/{rel}","templated":true}]}}